{"id":19403,"date":"2024-04-17T17:47:20","date_gmt":"2024-04-17T14:47:20","guid":{"rendered":"https:\/\/samu.ee\/?page_id=19403"},"modified":"2025-01-22T23:20:51","modified_gmt":"2025-01-22T21:20:51","slug":"partners","status":"publish","type":"page","link":"https:\/\/samu.ee\/en\/museum\/partners\/","title":{"rendered":"Partners"},"content":{"rendered":"\n<ul class=\"wp-block-list\">\n<li><a href=\"https:\/\/www.baltische-ritterschaften.de\/\" target=\"_blank\" rel=\"noreferrer noopener nofollow\">Die Oeselsche Ritterschaft<\/a><\/li>\n\n\n\n<li><a href=\"https:\/\/ra.ee\/en\/\" target=\"_blank\" rel=\"noreferrer noopener nofollow\">The National Archives of Estonia<\/a><\/li>\n\n\n\n<li><a href=\"http:\/\/oesel4144.de\/\" target=\"_blank\" rel=\"noreferrer noopener nofollow\">Interessengemeinschaft \u00d6sel 1941-1944 Neu<\/a><\/li>\n\n\n\n<li><a href=\"https:\/\/visitsaaremaa.ee\/en\/\" target=\"_blank\" rel=\"noreferrer noopener nofollow\">Visit Saaremaa<\/a><\/li>\n\n\n\n<li><a href=\"https:\/\/angla.saaremaa-top.ee\/angla\/en\/\" target=\"_blank\" rel=\"noreferrer noopener nofollow\">MT\u00dc Tuulikum\u00e4gi<\/a><\/li>\n\n\n\n<li><a href=\"http:\/\/archebald.ee\/\" target=\"_blank\" rel=\"noreferrer noopener nofollow\">Keskaja elamuskeskus Archebald<\/a><\/li>\n\n\n\n<li>MT\u00dc Estica<\/li>\n\n\n\n<li><a href=\"https:\/\/www.osiliana.eu\/en\/\" target=\"_blank\" rel=\"noreferrer noopener nofollow\">SA Osiliana<\/a><\/li>\n\n\n\n<li><a href=\"https:\/\/www.muuseum.ee\/en\/\" target=\"_blank\" rel=\"noreferrer noopener nofollow\">Eesti Muuseumi\u00fching<\/a><\/li>\n\n\n\n<li><a href=\"https:\/\/muuseumideliit.ee\/\" target=\"_blank\" rel=\"noreferrer noopener nofollow\">Eesti Muuseumide Liit<\/a><\/li>\n\n\n\n<li><a href=\"https:\/\/mnemosyne.ee\/en\/\" target=\"_blank\" rel=\"noreferrer noopener nofollow\">Eesti M\u00e4lu Instituut<\/a><\/li>\n\n\n\n<li><a href=\"https:\/\/www.visitcastles.eu\/\" target=\"_blank\" rel=\"noreferrer noopener nofollow\">L\u00e4\u00e4nemere-\u00e4\u00e4rsete linnade ja muuseumide \u00fching<\/a><\/li>\n\n\n\n<li><a href=\"https:\/\/www.muhumuuseum.ee\/en\/\" target=\"_blank\" rel=\"noreferrer noopener nofollow\">Muhu muuseum<\/a><\/li>\n\n\n\n<li><a href=\"https:\/\/www.puhkaeestis.ee\/et\/sorve-muuseum\" target=\"_blank\" rel=\"noreferrer noopener nofollow\">S\u00f5rve Militaarmuuseum<\/a><\/li>\n\n\n\n<li>Saaremaa Giidide \u00dching<\/li>\n\n\n\n<li>MT\u00dc M\u00f5ntu ja Olbr\u00fcki Kultuurip\u00e4rand<\/li>\n<\/ul>\n","protected":false},"excerpt":{"rendered":"","protected":false},"author":4,"featured_media":0,"parent":18752,"menu_order":70,"comment_status":"closed","ping_status":"closed","template":"","meta":{"_acf_changed":false,"lingid":"%5B%5D","footnotes":""},"class_list":["post-19403","page","type-page","status-publish","hentry"],"acf":[],"yoast_head":"<!-- This site is optimized with the Yoast SEO plugin v27.0 - https:\/\/yoast.com\/product\/yoast-seo-wordpress\/ -->\n<title>Partners - Saaremaa Museum<\/title>\n<meta name=\"robots\" content=\"index, follow, max-snippet:-1, max-image-preview:large, max-video-preview:-1\" \/>\n<link rel=\"canonical\" href=\"https:\/\/samu.ee\/en\/museum\/partners\/\" \/>\n<meta property=\"og:locale\" content=\"en_US\" \/>\n<meta property=\"og:type\" content=\"article\" \/>\n<meta property=\"og:title\" content=\"Partners - Saaremaa Museum\" \/>\n<meta property=\"og:url\" content=\"https:\/\/samu.ee\/en\/museum\/partners\/\" \/>\n<meta property=\"og:site_name\" content=\"Saaremaa Museum\" \/>\n<meta property=\"article:modified_time\" content=\"2025-01-22T21:20:51+00:00\" \/>\n<meta name=\"twitter:card\" content=\"summary_large_image\" \/>\n<meta name=\"twitter:label1\" content=\"Est. reading time\" \/>\n\t<meta name=\"twitter:data1\" content=\"1 minute\" \/>\n<script type=\"application\/ld+json\" class=\"yoast-schema-graph\">{\"@context\":\"https:\/\/schema.org\",\"@graph\":[{\"@type\":\"WebPage\",\"@id\":\"https:\/\/samu.ee\/en\/museum\/partners\/\",\"url\":\"https:\/\/samu.ee\/en\/museum\/partners\/\",\"name\":\"Partners - Saaremaa Museum\",\"isPartOf\":{\"@id\":\"https:\/\/samu.ee\/#website\"},\"datePublished\":\"2024-04-17T14:47:20+00:00\",\"dateModified\":\"2025-01-22T21:20:51+00:00\",\"breadcrumb\":{\"@id\":\"https:\/\/samu.ee\/en\/museum\/partners\/#breadcrumb\"},\"inLanguage\":\"en-US\",\"potentialAction\":[{\"@type\":\"ReadAction\",\"target\":[\"https:\/\/samu.ee\/en\/museum\/partners\/\"]}]},{\"@type\":\"BreadcrumbList\",\"@id\":\"https:\/\/samu.ee\/en\/museum\/partners\/#breadcrumb\",\"itemListElement\":[{\"@type\":\"ListItem\",\"position\":1,\"name\":\"Saaremaa Muuseum\",\"item\":\"https:\/\/samu.ee\/en\/\"},{\"@type\":\"ListItem\",\"position\":2,\"name\":\"Museum\",\"item\":\"https:\/\/samu.ee\/en\/museum\/\"},{\"@type\":\"ListItem\",\"position\":3,\"name\":\"Partners\"}]},{\"@type\":\"WebSite\",\"@id\":\"https:\/\/samu.ee\/#website\",\"url\":\"https:\/\/samu.ee\/\",\"name\":\"Saaremaa Museum\",\"description\":\"Sihtasutus Saaremaa Muuseumi koduleht\",\"publisher\":{\"@id\":\"https:\/\/samu.ee\/#organization\"},\"potentialAction\":[{\"@type\":\"SearchAction\",\"target\":{\"@type\":\"EntryPoint\",\"urlTemplate\":\"https:\/\/samu.ee\/?s={search_term_string}\"},\"query-input\":{\"@type\":\"PropertyValueSpecification\",\"valueRequired\":true,\"valueName\":\"search_term_string\"}}],\"inLanguage\":\"en-US\"},{\"@type\":\"Organization\",\"@id\":\"https:\/\/samu.ee\/#organization\",\"name\":\"Sihtasutus Saaremaa Muuseum\",\"alternateName\":\"Saaremaa Muuseum\",\"url\":\"https:\/\/samu.ee\/\",\"logo\":{\"@type\":\"ImageObject\",\"inLanguage\":\"en-US\",\"@id\":\"https:\/\/samu.ee\/#\/schema\/logo\/image\/\",\"url\":\"https:\/\/samu.ee\/wp-content\/uploads\/2024\/04\/samu-logo__schema__696x696.png\",\"contentUrl\":\"https:\/\/samu.ee\/wp-content\/uploads\/2024\/04\/samu-logo__schema__696x696.png\",\"width\":696,\"height\":696,\"caption\":\"Sihtasutus Saaremaa Muuseum\"},\"image\":{\"@id\":\"https:\/\/samu.ee\/#\/schema\/logo\/image\/\"}}]}<\/script>\n<!-- \/ Yoast SEO plugin. -->","yoast_head_json":{"title":"Partners - Saaremaa Museum","robots":{"index":"index","follow":"follow","max-snippet":"max-snippet:-1","max-image-preview":"max-image-preview:large","max-video-preview":"max-video-preview:-1"},"canonical":"https:\/\/samu.ee\/en\/museum\/partners\/","og_locale":"en_US","og_type":"article","og_title":"Partners - Saaremaa Museum","og_url":"https:\/\/samu.ee\/en\/museum\/partners\/","og_site_name":"Saaremaa Museum","article_modified_time":"2025-01-22T21:20:51+00:00","twitter_card":"summary_large_image","twitter_misc":{"Est. reading time":"1 minute"},"schema":{"@context":"https:\/\/schema.org","@graph":[{"@type":"WebPage","@id":"https:\/\/samu.ee\/en\/museum\/partners\/","url":"https:\/\/samu.ee\/en\/museum\/partners\/","name":"Partners - Saaremaa Museum","isPartOf":{"@id":"https:\/\/samu.ee\/#website"},"datePublished":"2024-04-17T14:47:20+00:00","dateModified":"2025-01-22T21:20:51+00:00","breadcrumb":{"@id":"https:\/\/samu.ee\/en\/museum\/partners\/#breadcrumb"},"inLanguage":"en-US","potentialAction":[{"@type":"ReadAction","target":["https:\/\/samu.ee\/en\/museum\/partners\/"]}]},{"@type":"BreadcrumbList","@id":"https:\/\/samu.ee\/en\/museum\/partners\/#breadcrumb","itemListElement":[{"@type":"ListItem","position":1,"name":"Saaremaa Muuseum","item":"https:\/\/samu.ee\/en\/"},{"@type":"ListItem","position":2,"name":"Museum","item":"https:\/\/samu.ee\/en\/museum\/"},{"@type":"ListItem","position":3,"name":"Partners"}]},{"@type":"WebSite","@id":"https:\/\/samu.ee\/#website","url":"https:\/\/samu.ee\/","name":"Saaremaa Museum","description":"Sihtasutus Saaremaa Muuseumi koduleht","publisher":{"@id":"https:\/\/samu.ee\/#organization"},"potentialAction":[{"@type":"SearchAction","target":{"@type":"EntryPoint","urlTemplate":"https:\/\/samu.ee\/?s={search_term_string}"},"query-input":{"@type":"PropertyValueSpecification","valueRequired":true,"valueName":"search_term_string"}}],"inLanguage":"en-US"},{"@type":"Organization","@id":"https:\/\/samu.ee\/#organization","name":"Sihtasutus Saaremaa Muuseum","alternateName":"Saaremaa Muuseum","url":"https:\/\/samu.ee\/","logo":{"@type":"ImageObject","inLanguage":"en-US","@id":"https:\/\/samu.ee\/#\/schema\/logo\/image\/","url":"https:\/\/samu.ee\/wp-content\/uploads\/2024\/04\/samu-logo__schema__696x696.png","contentUrl":"https:\/\/samu.ee\/wp-content\/uploads\/2024\/04\/samu-logo__schema__696x696.png","width":696,"height":696,"caption":"Sihtasutus Saaremaa Muuseum"},"image":{"@id":"https:\/\/samu.ee\/#\/schema\/logo\/image\/"}}]}},"_links":{"self":[{"href":"https:\/\/samu.ee\/en\/wp-json\/wp\/v2\/pages\/19403","targetHints":{"allow":["GET"]}}],"collection":[{"href":"https:\/\/samu.ee\/en\/wp-json\/wp\/v2\/pages"}],"about":[{"href":"https:\/\/samu.ee\/en\/wp-json\/wp\/v2\/types\/page"}],"author":[{"embeddable":true,"href":"https:\/\/samu.ee\/en\/wp-json\/wp\/v2\/users\/4"}],"replies":[{"embeddable":true,"href":"https:\/\/samu.ee\/en\/wp-json\/wp\/v2\/comments?post=19403"}],"version-history":[{"count":6,"href":"https:\/\/samu.ee\/en\/wp-json\/wp\/v2\/pages\/19403\/revisions"}],"predecessor-version":[{"id":20025,"href":"https:\/\/samu.ee\/en\/wp-json\/wp\/v2\/pages\/19403\/revisions\/20025"}],"up":[{"embeddable":true,"href":"https:\/\/samu.ee\/en\/wp-json\/wp\/v2\/pages\/18752"}],"wp:attachment":[{"href":"https:\/\/samu.ee\/en\/wp-json\/wp\/v2\/media?parent=19403"}],"curies":[{"name":"wp","href":"https:\/\/api.w.org\/{rel}","templated":true}]}}